{"id":1639,"date":"2023-11-30T12:06:07","date_gmt":"2023-11-30T12:06:07","guid":{"rendered":"http:\/\/localhost:10023\/?page_id=1639"},"modified":"2024-01-10T14:41:54","modified_gmt":"2024-01-10T14:41:54","slug":"licensing","status":"publish","type":"page","link":"https:\/\/iberiablue.com\/pt\/licensing\/","title":{"rendered":"Licenciamento"},"content":{"rendered":"<div data-elementor-type=\"wp-page\" data-elementor-id=\"1639\" class=\"elementor elementor-1639\">\n\t\t\t\t\t\t<section class=\"elementor-section elementor-top-section elementor-element elementor-element-3fc5f02a elementor-section-boxed elementor-section-height-default elementor-section-height-default\" data-id=\"3fc5f02a\" data-element_type=\"section\" data-settings=\"{&quot;wdt_bg_image&quot;:{&quot;url&quot;:&quot;&quot;,&quot;id&quot;:&quot;&quot;,&quot;size&quot;:&quot;&quot;},&quot;wdt_bg_image_widescreen&quot;:{&quot;url&quot;:&quot;&quot;,&quot;id&quot;:&quot;&quot;,&quot;size&quot;:&quot;&quot;},&quot;wdt_bg_image_laptop&quot;:{&quot;url&quot;:&quot;&quot;,&quot;id&quot;:&quot;&quot;,&quot;size&quot;:&quot;&quot;},&quot;wdt_bg_image_tablet_extra&quot;:{&quot;url&quot;:&quot;&quot;,&quot;id&quot;:&quot;&quot;,&quot;size&quot;:&quot;&quot;},&quot;wdt_bg_image_tablet&quot;:{&quot;url&quot;:&quot;&quot;,&quot;id&quot;:&quot;&quot;,&quot;size&quot;:&quot;&quot;},&quot;wdt_bg_image_mobile_extra&quot;:{&quot;url&quot;:&quot;&quot;,&quot;id&quot;:&quot;&quot;,&quot;size&quot;:&quot;&quot;},&quot;wdt_bg_image_mobile&quot;:{&quot;url&quot;:&quot;&quot;,&quot;id&quot;:&quot;&quot;,&quot;size&quot;:&quot;&quot;},&quot;wdt_bg_position&quot;:&quot;center center&quot;,&quot;wdt_animation_effect&quot;:&quot;none&quot;}\">\n\t\t\t\t\t\t<div class=\"elementor-container elementor-column-gap-default\">\n\t\t\t\t\t<div class=\"elementor-column elementor-col-100 elementor-top-column elementor-element elementor-element-753ac4f5\" data-id=\"753ac4f5\" data-element_type=\"column\">\n\t\t\t<div class=\"elementor-widget-wrap elementor-element-populated\">\n\t\t\t\t\t\t<div class=\"elementor-element elementor-element-35996ef8 elementor-widget elementor-widget-text-editor\" data-id=\"35996ef8\" data-element_type=\"widget\" data-settings=\"{&quot;wdt_animation_effect&quot;:&quot;none&quot;}\" data-widget_type=\"text-editor.default\">\n\t\t\t\t<div class=\"elementor-widget-container\">\n\t\t\t\t\t\t\t\t\t\n<h2>Licenciamento<\/h2>\n\n<table class=\"border\" border=\"0\" width=\"672\" cellspacing=\"0\" cellpadding=\"0\">\n<tbody>\n<tr>\n<td class=\"test\" width=\"658\">\n<p class=\"titlesmall2\"><strong>Licen\u00e7a Oficial de Constru\u00e7\u00e3o: Alvara n\u00ba 66743 Classe 2\u00aa<br \/><\/strong>Emitido pelo INCI (Instituto da Constru\u00e7\u00e3o e do Imobili\u00e1rio), o organismo que rege o sector em Portugal.<\/p>\n<\/td>\n<\/tr>\n<\/tbody>\n<\/table>\n\t\t\t\t\t\t\t\t<\/div>\n\t\t\t\t<\/div>\n\t\t\t\t\t<\/div>\n\t\t<\/div>\n\t\t\t\t\t<\/div>\n\t\t<\/section>\n\t\t\t\t<\/div>","protected":false},"excerpt":{"rendered":"<p>Licensing Official Building Licence: Alvara n\u00ba 66743\u00a0 Classe 2\u00aaIssued by INCI (Instituto da Constru\u00e7\u00e3o e do Imobili\u00e1rio), \u00a0the governing body in Portugal.<\/p>","protected":false},"author":1,"featured_media":0,"parent":0,"menu_order":0,"comment_status":"closed","ping_status":"closed","template":"","meta":{"_monsterinsights_skip_tracking":false,"_monsterinsights_sitenote_active":false,"_monsterinsights_sitenote_note":"","_monsterinsights_sitenote_category":0,"footnotes":""},"class_list":["post-1639","page","type-page","status-publish","hentry"],"yoast_head":"<!-- This site is optimized with the Yoast SEO Premium plugin v21.7 (Yoast SEO v26.3) - https:\/\/yoast.com\/wordpress\/plugins\/seo\/ -->\n<title>Licensing - IBERIA BLUE<\/title>\n<meta name=\"robots\" content=\"index, follow, max-snippet:-1, max-image-preview:large, max-video-preview:-1\" \/>\n<link rel=\"canonical\" href=\"https:\/\/iberiablue.com\/pt\/licensing\/\" \/>\n<meta property=\"og:locale\" content=\"pt_PT\" \/>\n<meta property=\"og:type\" content=\"article\" \/>\n<meta property=\"og:title\" content=\"Licensing\" \/>\n<meta property=\"og:description\" content=\"Licensing Official Building Licence: Alvara n\u00ba 66743\u00a0 Classe 2\u00aaIssued by INCI (Instituto da Constru\u00e7\u00e3o e do Imobili\u00e1rio), \u00a0the governing body in Portugal.\" \/>\n<meta property=\"og:url\" content=\"https:\/\/iberiablue.com\/pt\/licensing\/\" \/>\n<meta property=\"og:site_name\" content=\"IBERIA BLUE\" \/>\n<meta property=\"article:publisher\" content=\"https:\/\/www.facebook.com\/\" \/>\n<meta property=\"article:modified_time\" content=\"2024-01-10T14:41:54+00:00\" \/>\n<meta name=\"twitter:card\" content=\"summary_large_image\" \/>\n<meta name=\"twitter:label1\" content=\"Tempo estimado de leitura\" \/>\n\t<meta name=\"twitter:data1\" content=\"1 minuto\" \/>\n<script type=\"application\/ld+json\" class=\"yoast-schema-graph\">{\"@context\":\"https:\/\/schema.org\",\"@graph\":[{\"@type\":\"WebPage\",\"@id\":\"https:\/\/iberiablue.com\/licensing\/\",\"url\":\"https:\/\/iberiablue.com\/licensing\/\",\"name\":\"Licensing - IBERIA BLUE\",\"isPartOf\":{\"@id\":\"https:\/\/iberiablue.com\/#website\"},\"datePublished\":\"2023-11-30T12:06:07+00:00\",\"dateModified\":\"2024-01-10T14:41:54+00:00\",\"breadcrumb\":{\"@id\":\"https:\/\/iberiablue.com\/licensing\/#breadcrumb\"},\"inLanguage\":\"pt-PT\",\"potentialAction\":[{\"@type\":\"ReadAction\",\"target\":[\"https:\/\/iberiablue.com\/licensing\/\"]}]},{\"@type\":\"BreadcrumbList\",\"@id\":\"https:\/\/iberiablue.com\/licensing\/#breadcrumb\",\"itemListElement\":[{\"@type\":\"ListItem\",\"position\":1,\"name\":\"Home\",\"item\":\"https:\/\/iberiablue.com\/\"},{\"@type\":\"ListItem\",\"position\":2,\"name\":\"Licensing\"}]},{\"@type\":\"WebSite\",\"@id\":\"https:\/\/iberiablue.com\/#website\",\"url\":\"https:\/\/iberiablue.com\/\",\"name\":\"IBERIA BLUE - Swimming Pools Algarve, Portugal\",\"description\":\"\",\"publisher\":{\"@id\":\"https:\/\/iberiablue.com\/#organization\"},\"potentialAction\":[{\"@type\":\"SearchAction\",\"target\":{\"@type\":\"EntryPoint\",\"urlTemplate\":\"https:\/\/iberiablue.com\/?s={search_term_string}\"},\"query-input\":{\"@type\":\"PropertyValueSpecification\",\"valueRequired\":true,\"valueName\":\"search_term_string\"}}],\"inLanguage\":\"pt-PT\"},{\"@type\":\"Organization\",\"@id\":\"https:\/\/iberiablue.com\/#organization\",\"name\":\"IBERIA BLUE - Swimming Pools Algarve, Portugal\",\"url\":\"https:\/\/iberiablue.com\/\",\"logo\":{\"@type\":\"ImageObject\",\"inLanguage\":\"pt-PT\",\"@id\":\"https:\/\/iberiablue.com\/#\/schema\/logo\/image\/\",\"url\":\"https:\/\/iberiablue.com\/wp-content\/uploads\/2023\/04\/cropped-iberia_blue_swimming_poolsLOGO.jpg\",\"contentUrl\":\"https:\/\/iberiablue.com\/wp-content\/uploads\/2023\/04\/cropped-iberia_blue_swimming_poolsLOGO.jpg\",\"width\":1360,\"height\":528,\"caption\":\"IBERIA BLUE - Swimming Pools Algarve, Portugal\"},\"image\":{\"@id\":\"https:\/\/iberiablue.com\/#\/schema\/logo\/image\/\"},\"sameAs\":[\"https:\/\/www.facebook.com\/\"]}]}<\/script>\n<!-- \/ Yoast SEO Premium plugin. -->","yoast_head_json":{"title":"Licensing - IBERIA BLUE","robots":{"index":"index","follow":"follow","max-snippet":"max-snippet:-1","max-image-preview":"max-image-preview:large","max-video-preview":"max-video-preview:-1"},"canonical":"https:\/\/iberiablue.com\/pt\/licensing\/","og_locale":"pt_PT","og_type":"article","og_title":"Licensing","og_description":"Licensing Official Building Licence: Alvara n\u00ba 66743\u00a0 Classe 2\u00aaIssued by INCI (Instituto da Constru\u00e7\u00e3o e do Imobili\u00e1rio), \u00a0the governing body in Portugal.","og_url":"https:\/\/iberiablue.com\/pt\/licensing\/","og_site_name":"IBERIA BLUE","article_publisher":"https:\/\/www.facebook.com\/","article_modified_time":"2024-01-10T14:41:54+00:00","twitter_card":"summary_large_image","twitter_misc":{"Tempo estimado de leitura":"1 minuto"},"schema":{"@context":"https:\/\/schema.org","@graph":[{"@type":"WebPage","@id":"https:\/\/iberiablue.com\/licensing\/","url":"https:\/\/iberiablue.com\/licensing\/","name":"Licensing - IBERIA BLUE","isPartOf":{"@id":"https:\/\/iberiablue.com\/#website"},"datePublished":"2023-11-30T12:06:07+00:00","dateModified":"2024-01-10T14:41:54+00:00","breadcrumb":{"@id":"https:\/\/iberiablue.com\/licensing\/#breadcrumb"},"inLanguage":"pt-PT","potentialAction":[{"@type":"ReadAction","target":["https:\/\/iberiablue.com\/licensing\/"]}]},{"@type":"BreadcrumbList","@id":"https:\/\/iberiablue.com\/licensing\/#breadcrumb","itemListElement":[{"@type":"ListItem","position":1,"name":"Home","item":"https:\/\/iberiablue.com\/"},{"@type":"ListItem","position":2,"name":"Licensing"}]},{"@type":"WebSite","@id":"https:\/\/iberiablue.com\/#website","url":"https:\/\/iberiablue.com\/","name":"IBERIA BLUE - Swimming Pools Algarve, Portugal","description":"","publisher":{"@id":"https:\/\/iberiablue.com\/#organization"},"potentialAction":[{"@type":"SearchAction","target":{"@type":"EntryPoint","urlTemplate":"https:\/\/iberiablue.com\/?s={search_term_string}"},"query-input":{"@type":"PropertyValueSpecification","valueRequired":true,"valueName":"search_term_string"}}],"inLanguage":"pt-PT"},{"@type":"Organization","@id":"https:\/\/iberiablue.com\/#organization","name":"IBERIA BLUE - Swimming Pools Algarve, Portugal","url":"https:\/\/iberiablue.com\/","logo":{"@type":"ImageObject","inLanguage":"pt-PT","@id":"https:\/\/iberiablue.com\/#\/schema\/logo\/image\/","url":"https:\/\/iberiablue.com\/wp-content\/uploads\/2023\/04\/cropped-iberia_blue_swimming_poolsLOGO.jpg","contentUrl":"https:\/\/iberiablue.com\/wp-content\/uploads\/2023\/04\/cropped-iberia_blue_swimming_poolsLOGO.jpg","width":1360,"height":528,"caption":"IBERIA BLUE - Swimming Pools Algarve, Portugal"},"image":{"@id":"https:\/\/iberiablue.com\/#\/schema\/logo\/image\/"},"sameAs":["https:\/\/www.facebook.com\/"]}]}},"_links":{"self":[{"href":"https:\/\/iberiablue.com\/pt\/wp-json\/wp\/v2\/pages\/1639","targetHints":{"allow":["GET"]}}],"collection":[{"href":"https:\/\/iberiablue.com\/pt\/wp-json\/wp\/v2\/pages"}],"about":[{"href":"https:\/\/iberiablue.com\/pt\/wp-json\/wp\/v2\/types\/page"}],"author":[{"embeddable":true,"href":"https:\/\/iberiablue.com\/pt\/wp-json\/wp\/v2\/users\/1"}],"replies":[{"embeddable":true,"href":"https:\/\/iberiablue.com\/pt\/wp-json\/wp\/v2\/comments?post=1639"}],"version-history":[{"count":4,"href":"https:\/\/iberiablue.com\/pt\/wp-json\/wp\/v2\/pages\/1639\/revisions"}],"predecessor-version":[{"id":1643,"href":"https:\/\/iberiablue.com\/pt\/wp-json\/wp\/v2\/pages\/1639\/revisions\/1643"}],"wp:attachment":[{"href":"https:\/\/iberiablue.com\/pt\/wp-json\/wp\/v2\/media?parent=1639"}],"curies":[{"name":"wp","href":"https:\/\/api.w.org\/{rel}","templated":true}]}}